{"id":147,"date":"2016-09-07T07:51:55","date_gmt":"2016-09-07T05:51:55","guid":{"rendered":"http:\/\/www.clos-froehn.com\/?page_id=147"},"modified":"2023-04-25T09:26:13","modified_gmt":"2023-04-25T07:26:13","slug":"mentions-legales","status":"publish","type":"page","link":"https:\/\/www.clos-froehn.com\/de\/mentions-legales\/","title":{"rendered":"Impressum"},"content":{"rendered":"<p><\/p>\n<h4 class=\"p1\"><span class=\"s1\">Pers\u00f6nliche Daten \/ Datenschutz<\/span><\/h4>\n<p class=\"p1\"><span class=\"s1\">En conformit\u00e9 avec les dispositions de la loi du 6 janvier 1978 relative \u00e0 l\u2019informatique, aux fichiers et aux libert\u00e9s, vous disposez d\u2019un droit d\u2019acc\u00e8s et de rectification portant sur les donn\u00e9es vous concernant en \u00e9crivant au si\u00e8ge social. Les donn\u00e9es personnelles recueillies sur le site <a href=\"http:\/\/www.clos-froehn.com\/\"><span class=\"s2\">http:\/\/www.clos-froehn.com\/<\/span><\/a><span class=\"Apple-converted-space\">\u00a0 <\/span>ne font pas l\u2019objet de traitements automatis\u00e9s. Il s\u2019agit de la r\u00e9cup\u00e9ration des donn\u00e9es via le formulaire de contact.<\/span><\/p>\n<h4 class=\"p1\"><span class=\"s1\">Avertissement<\/span><\/h4>\n<p class=\"p1\"><span class=\"s1\">Toutes informations figurant sur ce site sont purement indicatives et ne sauraient engager la responsabilit\u00e9 de l\u2019\u00e9diteur.<br \/>\n<\/span><span class=\"s1\">Ces informations, qui ne pr\u00e9tendent pas \u00e0 l\u2019exhaustivit\u00e9, ne sauraient valoir conseil, de quelque nature que ce soit.<br \/>\n<\/span><span class=\"s1\">Ces informations sont susceptibles de modifications \u00e0 tout moment et sans pr\u00e9avis.<\/span><\/p>\n<h4 class=\"p1\"><span class=\"s1\">Droits de propri\u00e9t\u00e9 intellectuelle<\/span><\/h4>\n<p class=\"p1\"><span class=\"s1\">La reproduction ou repr\u00e9sentation, int\u00e9grale ou partielle, des pages, des donn\u00e9es et de toute autre \u00e9l\u00e9ment constitutif au site, par quelque proc\u00e9d\u00e9 ou support que ce soit, est interdite et constitue sans autorisation expresse zet pr\u00e9alable de l\u2019\u00e9diteur une contrefa\u00e7on sanctionn\u00e9e par les articles L335-2 et suivants du Code de Propri\u00e9t\u00e9 Intellectuelle.<\/span><\/p>\n<p class=\"p1\"><span class=\"s1\">Toute utilisation du contenu et de site \u00e0 des fins ill\u00e9gales fera l\u2019objet de poursuites judiciaires \u00e0 l\u2019\u00e9gard des contrevenants.<\/span><\/p>\n<h3 class=\"p1\"><span class=\"s1\">Cookies<\/span><\/h3>\n<p class=\"p1\"><span class=\"s1\">L\u2019utilisateur est inform\u00e9 que lors de ses visites sur le site, un cookie peut s\u2019installer automatiquement et \u00eatre conserv\u00e9 temporairement en m\u00e9moire ou sur son disque dur. Un cookie est un \u00e9l\u00e9ment qui ne permet pas d\u2019identifier l\u2019utilisateur mais sert \u00e0 enregistrer des informations relatives \u00e0 la navigation de celui-ci sur le site internet. Les utilisateurs du site reconnaissent avoir \u00e9t\u00e9 inform\u00e9s de cette pratique et autorisent Le Clos Froehn \u00e0 l\u2019employer. Ils pourront d\u00e9sactiver ce cookie par l\u2019interm\u00e9diaire des param\u00e8tres figurant au sein de leur navigateur web (Google Chrome, Firefox, Internet Explorer, Safari\u2026).<\/span><\/p>\n<h4 class=\"p1\"><span class=\"s1\">Signaler une erreur<\/span><\/h4>\n<p class=\"p1\"><span class=\"s1\">L\u2019\u00e9quipe \u00e9ditoriale du site Internet Le Clos Froehn tente par tous les moyens de diffuser une information valide, de garder celle-ci \u00e0 jour et de s\u2019assurer de la qualit\u00e9 du contenu. Si un contenu n\u2019est plus appropri\u00e9 ou d\u00e9range une soci\u00e9t\u00e9, nous vous invitons \u00e0 nous signaler le probl\u00e8me via la page contact. Le contenu sera modifi\u00e9\/corrig\u00e9 dans un d\u00e9lai de 48h00.<\/span><\/p>\n<h4 class=\"p1\"><span class=\"s1\">Cr\u00e9ation du site internet<\/span><\/h4>\n<p class=\"p1\"><span class=\"s1\">Bulle &amp; Co\u2019<br \/>\n<\/span><span class=\"s1\">2 rue Jordan \u2013 68750 Bergheim<br \/>\n<\/span><span class=\"s1\">www.bulleandco.fr<\/span><\/p>\n<h4 class=\"p1\"><span class=\"s1\">Editeur<\/span><\/h4>\n<p class=\"p1\"><span class=\"s1\">Directeur de publication : Martine OBRY \u2013 68340 ZELLENBERG &#8211; SIRET: 0030455135100048<\/span><\/p>\n<p><\/p>","protected":false},"excerpt":{"rendered":"<p>Pers\u00f6nliche Daten \/ Datenschutz En conformit\u00e9 avec les dispositions de la loi du 6 janvier 1978 relative \u00e0 l\u2019informatique, aux fichiers et aux libert\u00e9s, vous disposez d\u2019un droit d\u2019acc\u00e8s et de rectification portant sur les donn\u00e9es vous concernant en \u00e9crivant au si\u00e8ge social. Les donn\u00e9es personnelles recueillies sur le site http:\/\/www.clos-froehn.com\/\u00a0 ne font pas l\u2019objet [&hellip;]<\/p>\n","protected":false},"author":1,"featured_media":0,"parent":0,"menu_order":0,"comment_status":"closed","ping_status":"closed","template":"page-mentions.php","meta":{"footnotes":""},"class_list":["post-147","page","type-page","status-publish","hentry"],"acf":[],"_links":{"self":[{"href":"https:\/\/www.clos-froehn.com\/de\/wp-json\/wp\/v2\/pages\/147","targetHints":{"allow":["GET"]}}],"collection":[{"href":"https:\/\/www.clos-froehn.com\/de\/wp-json\/wp\/v2\/pages"}],"about":[{"href":"https:\/\/www.clos-froehn.com\/de\/wp-json\/wp\/v2\/types\/page"}],"author":[{"embeddable":true,"href":"https:\/\/www.clos-froehn.com\/de\/wp-json\/wp\/v2\/users\/1"}],"replies":[{"embeddable":true,"href":"https:\/\/www.clos-froehn.com\/de\/wp-json\/wp\/v2\/comments?post=147"}],"version-history":[{"count":14,"href":"https:\/\/www.clos-froehn.com\/de\/wp-json\/wp\/v2\/pages\/147\/revisions"}],"predecessor-version":[{"id":380,"href":"https:\/\/www.clos-froehn.com\/de\/wp-json\/wp\/v2\/pages\/147\/revisions\/380"}],"wp:attachment":[{"href":"https:\/\/www.clos-froehn.com\/de\/wp-json\/wp\/v2\/media?parent=147"}],"curies":[{"name":"wp","href":"https:\/\/api.w.org\/{rel}","templated":true}]}}